{"id":6,"date":"2022-04-19T15:21:56","date_gmt":"2022-04-19T13:21:56","guid":{"rendered":"http:\/\/minispousses.fr\/?page_id=6"},"modified":"2022-04-19T15:21:56","modified_gmt":"2022-04-19T13:21:56","slug":"presentation","status":"publish","type":"page","link":"https:\/\/minispousses.fr\/index.php\/presentation\/","title":{"rendered":"Notre histoire"},"content":{"rendered":"\n<figure class=\"wp-block-table\"><table><tbody><tr><td>Le projet de la micro-cr\u00e8che des Minis Pousses est n\u00e9 du souhait de proposer un lieu d&rsquo;accueil o\u00f9 les enfants pourraient d\u00e9couvrir par eux-m\u00eame, sous le regard bienveillant des adultes, les merveilles de la nature.<br><br>Au fil des mois et des rencontres, ce souhait se r\u00e9alise par l&rsquo;am\u00e9nagement d&rsquo;un lieu de 120m2 sur un grand espace pr\u00e9serv\u00e9 de 5000m2<br><br>Pour en savoir plus sur nos valeurs \u00e9ducatives, le projet ci-dessous, est fait pour vous!&nbsp;<br><br><a href=\"https:\/\/minispousses.fr\/wp-content\/uploads\/2021\/05\/Projet-educatif.pdf\">Projet \u00e9ducatif : <\/a><a href=\"https:\/\/minispousses.fr\/wp-content\/uploads\/2021\/05\/Projet-educatif.pdf\" target=\"_blank\" rel=\"noreferrer noopener\"><strong>T\u00e9l\u00e9charger<\/strong><\/a><\/td><\/tr><\/tbody><\/table><\/figure>\n\n\n\n<figure class=\"wp-block-image size-full\"><a href=\"https:\/\/m.centre-presse.fr\/article\/https%253A%252F%252Fwww.centre-presse.fr%252Farticle-845456-une-micro-creche-dans-un-cadre-naturel.html?section=Poitiers&amp;zone=\" target=\"_blank\" rel=\"noopener\"><img loading=\"lazy\" decoding=\"async\" width=\"1024\" height=\"158\" src=\"https:\/\/minispousses.fr\/wp-content\/uploads\/2022\/04\/Centre-Presse-logo-partenaires-1024x627-1.jpg\" alt=\"\" class=\"wp-image-403\" srcset=\"https:\/\/minispousses.fr\/wp-content\/uploads\/2022\/04\/Centre-Presse-logo-partenaires-1024x627-1.jpg 1024w, https:\/\/minispousses.fr\/wp-content\/uploads\/2022\/04\/Centre-Presse-logo-partenaires-1024x627-1-300x46.jpg 300w, https:\/\/minispousses.fr\/wp-content\/uploads\/2022\/04\/Centre-Presse-logo-partenaires-1024x627-1-768x119.jpg 768w\" sizes=\"auto, (max-width: 1024px) 100vw, 1024px\" \/><\/a><figcaption>Cliquez sur l&rsquo;<strong><a rel=\"noreferrer noopener\" href=\"https:\/\/m.centre-presse.fr\/article\/https%253A%252F%252Fwww.centre-presse.fr%252Farticle-845456-une-micro-creche-dans-un-cadre-naturel.html?section=Poitiers&amp;zone=\" target=\"_blank\">Article de Centre Presse du 16\/04\/2022<\/a> <\/strong>pour le d\u00e9couvrir!<br><\/figcaption><\/figure>\n\n\n\n<p><\/p>\n","protected":false},"excerpt":{"rendered":"<p>Le projet de la micro-cr\u00e8che des Minis Pousses est n\u00e9 du souhait de proposer un lieu d&rsquo;accueil o\u00f9 les enfants pourraient d\u00e9couvrir par eux-m\u00eame, sous le regard bienveillant des adultes, les merveilles de la nature. Au fil des mois et des rencontres, ce souhait se [&hellip;]<\/p>\n","protected":false},"author":1,"featured_media":45,"parent":0,"menu_order":0,"comment_status":"closed","ping_status":"closed","template":"","meta":{"footnotes":""},"class_list":["post-6","page","type-page","status-publish","has-post-thumbnail","hentry"],"_links":{"self":[{"href":"https:\/\/minispousses.fr\/index.php\/wp-json\/wp\/v2\/pages\/6","targetHints":{"allow":["GET"]}}],"collection":[{"href":"https:\/\/minispousses.fr\/index.php\/wp-json\/wp\/v2\/pages"}],"about":[{"href":"https:\/\/minispousses.fr\/index.php\/wp-json\/wp\/v2\/types\/page"}],"author":[{"embeddable":true,"href":"https:\/\/minispousses.fr\/index.php\/wp-json\/wp\/v2\/users\/1"}],"replies":[{"embeddable":true,"href":"https:\/\/minispousses.fr\/index.php\/wp-json\/wp\/v2\/comments?post=6"}],"version-history":[{"count":10,"href":"https:\/\/minispousses.fr\/index.php\/wp-json\/wp\/v2\/pages\/6\/revisions"}],"predecessor-version":[{"id":409,"href":"https:\/\/minispousses.fr\/index.php\/wp-json\/wp\/v2\/pages\/6\/revisions\/409"}],"wp:featuredmedia":[{"embeddable":true,"href":"https:\/\/minispousses.fr\/index.php\/wp-json\/wp\/v2\/media\/45"}],"wp:attachment":[{"href":"https:\/\/minispousses.fr\/index.php\/wp-json\/wp\/v2\/media?parent=6"}],"curies":[{"name":"wp","href":"https:\/\/api.w.org\/{rel}","templated":true}]}}