{"id":295,"date":"2021-06-14T16:36:36","date_gmt":"2021-06-14T14:36:36","guid":{"rendered":"https:\/\/minispousses.fr\/?page_id=295"},"modified":"2021-06-14T16:36:36","modified_gmt":"2021-06-14T14:36:36","slug":"mentions-legales","status":"publish","type":"page","link":"https:\/\/minispousses.fr\/index.php\/mentions-legales\/","title":{"rendered":"Mentions l\u00e9gales"},"content":{"rendered":"\n<p>D\u00e9couvrez les mentions l\u00e9gales de Minis Pousses, conform\u00e9ment \u00e0 la Loi de Confiance dans l\u2019Economie Num\u00e9rique du 21 juin 2004 et \u00e0 l\u2019article 34 de la loi du 6 janvier 1978.<\/p>\n\n\n\n<p><strong>Editeur<\/strong><br>SARL Minis Pousses<br>Capital social : 3000 \u20ac<br>Si\u00e8ge social : 48 route de Poitiers &#8211; 86360 Montamis\u00e9<br>SIREN : 899 867 279 RCS Poitiers<br>N\u00b0 TVA intracommunautaire : FR<\/p>\n\n\n\n<p><strong>Coordonn\u00e9es postales<\/strong><br>Minis Pousses<br>48 route de Poitiers &#8211; 86360 Montamis\u00e9<\/p>\n\n\n\n<p><strong>H\u00e9bergement<\/strong><br>H\u00e9bergement r\u00e9alis\u00e9 par OVH \u2013 2 rue Kellermann \u2013 59100 Roubaix \u2013 France<\/p>\n\n\n\n<p><strong>Mentions CNIL<\/strong><br>Conform\u00e9ment \u00e0 la loi Informatique et Libert\u00e9s du 06\/01\/1978, vous disposez d\u2019un droit d\u2019acc\u00e8s, de rectification et d\u2019opposition aux informations vous concernant qui peut s\u2019exercer par courrier \u00e0 : &#8230;<br>en indiquant vos nom, pr\u00e9nom, adresse postale compl\u00e8te et adresse email.<br>ou par email <a href=\"mailto:contact@minispousses.fr\" target=\"_blank\" rel=\"noreferrer noopener\">contact@minispousses.fr<\/a><\/p>\n\n\n\n<p><strong>Limitations de responsabilit\u00e9.<\/strong><br><strong>SARL Minis Pousses<\/strong>\u00a0ne pourra \u00eatre tenu pour responsable des dommages directs et indirects caus\u00e9s au mat\u00e9riel de l\u2019utilisateur, lors de l\u2019acc\u00e8s au site\u00a0<a href=\"https:\/\/www.minispousses.fr\" target=\"_blank\" rel=\"noreferrer noopener\">http:\/\/www.minispousses.fr.<\/a><\/p>\n\n\n\n<p><strong><strong>SARL Minis Pousses<\/strong><\/strong>&nbsp;d\u00e9cline toute responsabilit\u00e9 quant \u00e0 l\u2019utilisation qui pourrait \u00eatre faite des informations et contenus pr\u00e9sents sur&nbsp;<a href=\"https:\/\/www.minispousses.fr\" target=\"_blank\" rel=\"noreferrer noopener\">http:\/\/www.minispousses.fr<\/a>.<\/p>\n\n\n\n<p><strong><strong>SARL Minis Pousses<\/strong><\/strong>&nbsp;s\u2019engage \u00e0 s\u00e9curiser au mieux le site&nbsp;<a href=\"https:\/\/www.minispousses.fr\" data-type=\"URL\" target=\"_blank\" rel=\"noreferrer noopener\">http:\/\/www.minispousses.fr<\/a>, cependant sa responsabilit\u00e9 ne pourra \u00eatre mise en cause si des donn\u00e9es ind\u00e9sirables sont import\u00e9es et install\u00e9es sur son site \u00e0 son insu.<\/p>\n\n\n\n<p>Des espaces interactifs (espace contact ou commentaires) sont \u00e0 la disposition des utilisateurs.&nbsp;<strong><strong>SARL Minis Pousses<\/strong>&nbsp;<\/strong>se r\u00e9serve le droit de supprimer, sans mise en demeure pr\u00e9alable, tout contenu d\u00e9pos\u00e9 dans cet espace qui contreviendrait \u00e0 la l\u00e9gislation applicable en France, en particulier aux dispositions relatives \u00e0 la protection des donn\u00e9es.<\/p>\n\n\n\n<p>Le cas \u00e9ch\u00e9ant,&nbsp;<strong>SARL Minis Pousses<\/strong>&nbsp;se r\u00e9serve \u00e9galement la possibilit\u00e9 de mettre en cause la responsabilit\u00e9 civile et\/ou p\u00e9nale de l\u2019utilisateur, notamment en cas de message \u00e0 caract\u00e8re raciste, injurieux, diffamant, ou pornographique, quel que soit le support utilis\u00e9 (texte, photographie \u2026).<\/p>\n\n\n\n<p><strong>Liens hypertextes et cookies<\/strong><br>Le site&nbsp;<a rel=\"noreferrer noopener\" href=\"https:\/\/www.minispousses.fr\" target=\"_blank\" data-type=\"URL\" data-id=\"https:\/\/www.minispousses.fr\">http:\/\/www.minispousses.fr<\/a>&nbsp;contient des liens hypertextes vers d\u2019autres sites et d\u00e9gage toute responsabilit\u00e9 \u00e0 propos de ces liens externes ou des liens cr\u00e9\u00e9s par d\u2019autres sites vers&nbsp;<a href=\"https:\/\/www.minispousses.fr\" target=\"_blank\" rel=\"noreferrer noopener\">http:\/\/www.minispousses.fr<\/a>.<\/p>\n\n\n\n<p>La navigation sur le site&nbsp;<a href=\"https:\/\/www.minispousses.fr\">http:\/\/www.minispousses.fr<\/a>&nbsp;est susceptible de provoquer l\u2019installation de cookie(s) sur l\u2019ordinateur de l\u2019utilisateur.<\/p>\n\n\n\n<p>Un \u00ab&nbsp;cookie&nbsp;\u00bb est un fichier de petite taille qui enregistre des informations relatives \u00e0 la navigation d\u2019un utilisateur sur un site. Les donn\u00e9es ainsi obtenues permettent d\u2019obtenir des mesures de fr\u00e9quentation, par exemple.<\/p>\n\n\n\n<p>Vous avez la possibilit\u00e9&nbsp;<strong>d\u2019accepter ou de refuser les cookies<\/strong>&nbsp;en modifiant les param\u00e8tres de votre navigateur. Aucun cookie ne sera d\u00e9pos\u00e9 sans votre consentement.<\/p>\n\n\n\n<p>Les cookies sont enregistr\u00e9s pour une dur\u00e9e maximale de mois.<\/p>\n\n\n\n<p><strong>Droit applicable et attribution de juridiction.<\/strong><br>Tout litige en relation avec l\u2019utilisation du site&nbsp;<a href=\"http:\/\/www.minipousses.fr\" target=\"_blank\" rel=\"noreferrer noopener\">http:\/\/www.minispousses.fr<\/a>&nbsp;est soumis au droit fran\u00e7ais. En dehors des cas o\u00f9 la loi ne le permet pas, il est fait attribution exclusive de juridiction aux tribunaux comp\u00e9tents.<\/p>\n","protected":false},"excerpt":{"rendered":"<p>D\u00e9couvrez les mentions l\u00e9gales de Minis Pousses, conform\u00e9ment \u00e0 la Loi de Confiance dans l\u2019Economie Num\u00e9rique du 21 juin 2004 et \u00e0 l\u2019article 34 de la loi du 6 janvier 1978. EditeurSARL Minis PoussesCapital social : 3000 \u20acSi\u00e8ge social : 48 route de Poitiers &#8211; [&hellip;]<\/p>\n","protected":false},"author":1,"featured_media":0,"parent":0,"menu_order":0,"comment_status":"closed","ping_status":"closed","template":"","meta":{"footnotes":""},"class_list":["post-295","page","type-page","status-publish","hentry"],"_links":{"self":[{"href":"https:\/\/minispousses.fr\/index.php\/wp-json\/wp\/v2\/pages\/295","targetHints":{"allow":["GET"]}}],"collection":[{"href":"https:\/\/minispousses.fr\/index.php\/wp-json\/wp\/v2\/pages"}],"about":[{"href":"https:\/\/minispousses.fr\/index.php\/wp-json\/wp\/v2\/types\/page"}],"author":[{"embeddable":true,"href":"https:\/\/minispousses.fr\/index.php\/wp-json\/wp\/v2\/users\/1"}],"replies":[{"embeddable":true,"href":"https:\/\/minispousses.fr\/index.php\/wp-json\/wp\/v2\/comments?post=295"}],"version-history":[{"count":4,"href":"https:\/\/minispousses.fr\/index.php\/wp-json\/wp\/v2\/pages\/295\/revisions"}],"predecessor-version":[{"id":329,"href":"https:\/\/minispousses.fr\/index.php\/wp-json\/wp\/v2\/pages\/295\/revisions\/329"}],"wp:attachment":[{"href":"https:\/\/minispousses.fr\/index.php\/wp-json\/wp\/v2\/media?parent=295"}],"curies":[{"name":"wp","href":"https:\/\/api.w.org\/{rel}","templated":true}]}}